{"id":224,"date":"2025-09-19T16:52:55","date_gmt":"2025-09-19T16:52:55","guid":{"rendered":"https:\/\/www.kochimoto.fi\/?page_id=224"},"modified":"2026-03-07T22:32:46","modified_gmt":"2026-03-07T22:32:46","slug":"drafts","status":"publish","type":"page","link":"https:\/\/www.kochimoto.fi\/index.php\/home\/drafts\/","title":{"rendered":"Drafts"},"content":{"rendered":"\t\t<div data-elementor-type=\"wp-page\" data-elementor-id=\"224\" class=\"elementor elementor-224\">\n\t\t\t\t<div class=\"elementor-element elementor-element-1642cf7 e-flex e-con-boxed e-con e-parent\" data-id=\"1642cf7\" data-element_type=\"container\" data-e-type=\"container\">\n\t\t\t\t\t<div class=\"e-con-inner\">\n\t\t<div class=\"elementor-element elementor-element-1384548 e-con-full e-flex e-con e-child\" data-id=\"1384548\" data-element_type=\"container\" data-e-type=\"container\">\n\t\t\t\t<div class=\"elementor-element elementor-element-8255058 elementor-widget elementor-widget-video\" data-id=\"8255058\" data-element_type=\"widget\" data-e-type=\"widget\" data-settings=\"{&quot;youtube_url&quot;:&quot;https:\\\/\\\/youtu.be\\\/FvFUvl39zCI&quot;,&quot;video_type&quot;:&quot;youtube&quot;,&quot;controls&quot;:&quot;yes&quot;}\" data-widget_type=\"video.default\">\n\t\t\t\t\t\t\t<div class=\"elementor-wrapper elementor-open-inline\">\n\t\t\t<div class=\"elementor-video\"><\/div>\t\t<\/div>\n\t\t\t\t\t\t<\/div>\n\t\t\t\t<div class=\"elementor-element elementor-element-35a2aa6 elementor-widget elementor-widget-text-editor\" data-id=\"35a2aa6\" data-element_type=\"widget\" data-e-type=\"widget\" data-widget_type=\"text-editor.default\">\n\t\t\t\t\t\t\t\t\t<p>Testiss\u00e4 active track 360\u00b0 + kahden eri videop\u00e4tk\u00e4n yhtistys videosiirtym\u00e4 avulla saamaksi sujuvan suunnanmuutoksen. On viel edelle ty\u00f6n alla<\/p>\t\t\t\t\t\t\t\t<\/div>\n\t\t\t\t<\/div>\n\t\t<div class=\"elementor-element elementor-element-e7056f5 e-con-full e-flex e-con e-child\" data-id=\"e7056f5\" data-element_type=\"container\" data-e-type=\"container\">\n\t\t\t\t<div class=\"elementor-element elementor-element-a4e2bbc elementor-widget elementor-widget-video\" data-id=\"a4e2bbc\" data-element_type=\"widget\" data-e-type=\"widget\" data-settings=\"{&quot;youtube_url&quot;:&quot;https:\\\/\\\/youtu.be\\\/S_Fgtp5HSeU&quot;,&quot;video_type&quot;:&quot;youtube&quot;,&quot;controls&quot;:&quot;yes&quot;}\" data-widget_type=\"video.default\">\n\t\t\t\t\t\t\t<div class=\"elementor-wrapper elementor-open-inline\">\n\t\t\t<div class=\"elementor-video\"><\/div>\t\t<\/div>\n\t\t\t\t\t\t<\/div>\n\t\t\t\t<div class=\"elementor-element elementor-element-d50800a elementor-widget elementor-widget-text-editor\" data-id=\"d50800a\" data-element_type=\"widget\" data-e-type=\"widget\" data-widget_type=\"text-editor.default\">\n\t\t\t\t\t\t\t\t\t<p>Testiss\u00e4 vertigo effekti eli dolly zoom. Pikkuisen harjoittelun j\u00e4lkeen ei vaikea, mut oikeesti k\u00e4ytetyn\u00e4 anna arvokan effektin<\/p>\t\t\t\t\t\t\t\t<\/div>\n\t\t\t\t<\/div>\n\t\t<div class=\"elementor-element elementor-element-3054766 e-con-full e-flex e-con e-child\" data-id=\"3054766\" data-element_type=\"container\" data-e-type=\"container\">\n\t\t\t\t<\/div>\n\t\t<div class=\"elementor-element elementor-element-97f30f6 e-con-full e-flex e-con e-child\" data-id=\"97f30f6\" data-element_type=\"container\" data-e-type=\"container\">\n\t\t\t\t<\/div>\n\t\t<div class=\"elementor-element elementor-element-0082a54 e-con-full e-flex e-con e-child\" data-id=\"0082a54\" data-element_type=\"container\" data-e-type=\"container\">\n\t\t\t\t<\/div>\n\t\t\t\t\t<\/div>\n\t\t\t\t<\/div>\n\t\t\t\t<\/div>\n\t\t","protected":false},"excerpt":{"rendered":"<p>https:\/\/youtu.be\/FvFUvl39zCI Testiss\u00e4 active track 360\u00b0 + kahden eri videop\u00e4tk\u00e4n yhtistys videosiirtym\u00e4 avulla saamaksi sujuvan suunnanmuutoksen. On viel edelle ty\u00f6n alla https:\/\/youtu.be\/S_Fgtp5HSeU Testiss\u00e4 vertigo effekti eli dolly zoom. Pikkuisen harjoittelun j\u00e4lkeen ei vaikea, mut oikeesti k\u00e4ytetyn\u00e4 anna arvokan effektin<\/p>\n","protected":false},"author":1,"featured_media":0,"parent":216,"menu_order":100,"comment_status":"closed","ping_status":"closed","template":"elementor_header_footer","meta":{"footnotes":""},"class_list":["post-224","page","type-page","status-publish","hentry"],"blocksy_meta":[],"_links":{"self":[{"href":"https:\/\/www.kochimoto.fi\/index.php\/wp-json\/wp\/v2\/pages\/224","targetHints":{"allow":["GET"]}}],"collection":[{"href":"https:\/\/www.kochimoto.fi\/index.php\/wp-json\/wp\/v2\/pages"}],"about":[{"href":"https:\/\/www.kochimoto.fi\/index.php\/wp-json\/wp\/v2\/types\/page"}],"author":[{"embeddable":true,"href":"https:\/\/www.kochimoto.fi\/index.php\/wp-json\/wp\/v2\/users\/1"}],"replies":[{"embeddable":true,"href":"https:\/\/www.kochimoto.fi\/index.php\/wp-json\/wp\/v2\/comments?post=224"}],"version-history":[{"count":33,"href":"https:\/\/www.kochimoto.fi\/index.php\/wp-json\/wp\/v2\/pages\/224\/revisions"}],"predecessor-version":[{"id":973,"href":"https:\/\/www.kochimoto.fi\/index.php\/wp-json\/wp\/v2\/pages\/224\/revisions\/973"}],"up":[{"embeddable":true,"href":"https:\/\/www.kochimoto.fi\/index.php\/wp-json\/wp\/v2\/pages\/216"}],"wp:attachment":[{"href":"https:\/\/www.kochimoto.fi\/index.php\/wp-json\/wp\/v2\/media?parent=224"}],"curies":[{"name":"wp","href":"https:\/\/api.w.org\/{rel}","templated":true}]}}